{"id":3215,"date":"2024-10-10T13:21:58","date_gmt":"2024-10-10T13:21:58","guid":{"rendered":"https:\/\/baumwipfelweg-bad-camberg.de\/?page_id=3215"},"modified":"2024-10-14T11:20:52","modified_gmt":"2024-10-14T11:20:52","slug":"partner","status":"publish","type":"page","link":"https:\/\/dev.baumwipfelweg-bad-camberg.de\/index.php\/partner\/","title":{"rendered":"Partner"},"content":{"rendered":"\t\t<div data-elementor-type=\"wp-page\" data-elementor-id=\"3215\" class=\"elementor elementor-3215\" data-elementor-post-type=\"page\">\n\t\t\t\t\t\t<section class=\"elementor-section elementor-top-section elementor-element elementor-element-3714f183 elementor-section-full_width elementor-section-height-min-height elementor-section-items-stretch elementor-section-height-default\" data-id=\"3714f183\" data-element_type=\"section\" data-e-type=\"section\" data-settings=\"{&quot;background_background&quot;:&quot;classic&quot;}\">\n\t\t\t\t\t\t<div class=\"elementor-container elementor-column-gap-default\">\n\t\t\t\t\t<div class=\"elementor-column elementor-col-100 elementor-top-column elementor-element elementor-element-d242964\" data-id=\"d242964\" data-element_type=\"column\" data-e-type=\"column\">\n\t\t\t<div class=\"elementor-widget-wrap elementor-element-populated\">\n\t\t\t\t\t\t<div class=\"elementor-element elementor-element-9b69018 elementor-widget elementor-widget-heading\" data-id=\"9b69018\" data-element_type=\"widget\" data-e-type=\"widget\" data-widget_type=\"heading.default\">\n\t\t\t\t<div class=\"elementor-widget-container\">\n\t\t\t\t\t<h2 class=\"elementor-heading-title elementor-size-default\">Unsere Partner<\/h2>\t\t\t\t<\/div>\n\t\t\t\t<\/div>\n\t\t\t\t<div class=\"elementor-element elementor-element-afb8310 elementor-widget__width-initial elementor-widget-mobile__width-initial elementor-widget elementor-widget-toggle\" data-id=\"afb8310\" data-element_type=\"widget\" data-e-type=\"widget\" data-widget_type=\"toggle.default\">\n\t\t\t\t<div class=\"elementor-widget-container\">\n\t\t\t\t\t\t\t<div class=\"elementor-toggle\">\n\t\t\t\t\t\t\t<div class=\"elementor-toggle-item\">\n\t\t\t\t\t<div id=\"elementor-tab-title-1841\" class=\"elementor-tab-title\" data-tab=\"1\" role=\"button\" aria-controls=\"elementor-tab-content-1841\" aria-expanded=\"false\">\n\t\t\t\t\t\t\t\t\t\t\t\t<a class=\"elementor-toggle-title\" tabindex=\"0\"><center>Stadt Bad Camberg<\/a>\n\t\t\t\t\t<\/div>\n\n\t\t\t\t\t<div id=\"elementor-tab-content-1841\" class=\"elementor-tab-content elementor-clearfix\" data-tab=\"1\" role=\"region\" aria-labelledby=\"elementor-tab-title-1841\"><h5 style=\"text-align: center;\"><strong>2 Stunden frei parken in Bad Camberg mit dem Eintrittsticket vom Baumwipfelweg!<\/strong> (Parkscheibe + Eintrittsticket)<\/h5><p><span style=\"text-decoration: underline;\">St\u00e4dtische Homepag<\/span><span style=\"text-decoration: underline;\">e<\/span><\/p><p><a href=\"https:\/\/www.bad-camberg.de\/\" target=\"_blank\" rel=\"noopener\" data-saferedirecturl=\"https:\/\/www.google.com\/url?q=https:\/\/www.bad-camberg.de\/&amp;source=gmail&amp;ust=1728972768427000&amp;usg=AOvVaw1mN7_REDPsNv69FFIV08mW\">https:\/\/www.bad-camberg.de\/<\/a><\/p><p><span style=\"text-decoration: underline;\">Image-Film Bad Camberg<\/span><\/p><p><a href=\"https:\/\/www.bad-camberg.de\/kur-tourismus\/tourismus\/erleben-und-entdecken\/\" target=\"_blank\" rel=\"noopener\">https:\/\/www.bad-camberg.de\/kur-tourismus\/tourismus\/erleben-und-entdecken\/<\/a><\/p><p><span style=\"text-decoration: underline;\">Gewerbetreibende<\/span><\/p><p><a href=\"https:\/\/www.schaufenster-bad-camberg.de\/\" target=\"_blank\" rel=\"noopener\" data-saferedirecturl=\"https:\/\/www.google.com\/url?q=https:\/\/www.schaufenster-bad-camberg.de\/&amp;source=gmail&amp;ust=1728972768427000&amp;usg=AOvVaw0vTtiJWFZdlAO_Y41NWVHI\">https:\/\/www.schaufenster-bad-<wbr \/>camberg.de\/<\/a><\/p><\/div>\n\t\t\t\t<\/div>\n\t\t\t\t\t\t\t\t<\/div>\n\t\t\t\t\t\t<\/div>\n\t\t\t\t<\/div>\n\t\t\t\t<div class=\"elementor-element elementor-element-a7941be elementor-widget__width-initial elementor-widget-mobile__width-initial elementor-widget elementor-widget-toggle\" data-id=\"a7941be\" data-element_type=\"widget\" data-e-type=\"widget\" data-widget_type=\"toggle.default\">\n\t\t\t\t<div class=\"elementor-widget-container\">\n\t\t\t\t\t\t\t<div class=\"elementor-toggle\">\n\t\t\t\t\t\t\t<div class=\"elementor-toggle-item\">\n\t\t\t\t\t<div id=\"elementor-tab-title-1751\" class=\"elementor-tab-title\" data-tab=\"1\" role=\"button\" aria-controls=\"elementor-tab-content-1751\" aria-expanded=\"false\">\n\t\t\t\t\t\t\t\t\t\t\t\t<a class=\"elementor-toggle-title\" tabindex=\"0\"><center> \u00dcbernachtungen im Carolinger H\u00fcttendorf<\/a>\n\t\t\t\t\t<\/div>\n\n\t\t\t\t\t<div id=\"elementor-tab-content-1751\" class=\"elementor-tab-content elementor-clearfix\" data-tab=\"1\" role=\"region\" aria-labelledby=\"elementor-tab-title-1751\"><p style=\"text-align: center;\"><strong><a href=\"https:\/\/carolinger.net\/\">Hier<\/a><\/strong> findest du Unterk\u00fcnfte des Anbieters und weitere Freizeitangebote in der Region<\/p><\/div>\n\t\t\t\t<\/div>\n\t\t\t\t\t\t\t\t<\/div>\n\t\t\t\t\t\t<\/div>\n\t\t\t\t<\/div>\n\t\t\t\t\t<\/div>\n\t\t<\/div>\n\t\t\t\t\t<\/div>\n\t\t<\/section>\n\t\t\t\t<\/div>\n\t\t","protected":false},"excerpt":{"rendered":"<p>Unsere Partner Stadt Bad Camberg 2 Stunden frei parken in Bad Camberg mit dem Eintrittsticket vom Baumwipfelweg! (Parkscheibe + Eintrittsticket) St\u00e4dtische Homepage https:\/\/www.bad-camberg.de\/ Image-Film Bad Camberg https:\/\/www.bad-camberg.de\/kur-tourismus\/tourismus\/erleben-und-entdecken\/ Gewerbetreibende https:\/\/www.schaufenster-bad-camberg.de\/ \u00dcbernachtungen im Carolinger H\u00fcttendorf Hier findest du Unterk\u00fcnfte des Anbieters und weitere Freizeitangebote in der Region<\/p>\n","protected":false},"author":2,"featured_media":0,"parent":0,"menu_order":0,"comment_status":"closed","ping_status":"closed","template":"elementor_header_footer","meta":{"_eb_attr":"","footnotes":""},"class_list":["post-3215","page","type-page","status-publish","hentry","entry"],"_links":{"self":[{"href":"https:\/\/dev.baumwipfelweg-bad-camberg.de\/index.php\/wp-json\/wp\/v2\/pages\/3215","targetHints":{"allow":["GET"]}}],"collection":[{"href":"https:\/\/dev.baumwipfelweg-bad-camberg.de\/index.php\/wp-json\/wp\/v2\/pages"}],"about":[{"href":"https:\/\/dev.baumwipfelweg-bad-camberg.de\/index.php\/wp-json\/wp\/v2\/types\/page"}],"author":[{"embeddable":true,"href":"https:\/\/dev.baumwipfelweg-bad-camberg.de\/index.php\/wp-json\/wp\/v2\/users\/2"}],"replies":[{"embeddable":true,"href":"https:\/\/dev.baumwipfelweg-bad-camberg.de\/index.php\/wp-json\/wp\/v2\/comments?post=3215"}],"version-history":[{"count":274,"href":"https:\/\/dev.baumwipfelweg-bad-camberg.de\/index.php\/wp-json\/wp\/v2\/pages\/3215\/revisions"}],"predecessor-version":[{"id":3511,"href":"https:\/\/dev.baumwipfelweg-bad-camberg.de\/index.php\/wp-json\/wp\/v2\/pages\/3215\/revisions\/3511"}],"wp:attachment":[{"href":"https:\/\/dev.baumwipfelweg-bad-camberg.de\/index.php\/wp-json\/wp\/v2\/media?parent=3215"}],"curies":[{"name":"wp","href":"https:\/\/api.w.org\/{rel}","templated":true}]}}