{"id":190,"date":"2022-02-21T12:53:10","date_gmt":"2022-02-21T12:53:10","guid":{"rendered":"https:\/\/baumwipfelweg-bad-camberg.de\/?page_id=190"},"modified":"2023-03-07T12:38:30","modified_gmt":"2023-03-07T12:38:30","slug":"jobs","status":"publish","type":"page","link":"https:\/\/dev.baumwipfelweg-bad-camberg.de\/index.php\/jobs\/","title":{"rendered":"Jobs"},"content":{"rendered":"\t\t<div data-elementor-type=\"wp-page\" data-elementor-id=\"190\" class=\"elementor elementor-190\" data-elementor-post-type=\"page\">\n\t\t\t\t\t\t<section class=\"elementor-section elementor-top-section elementor-element elementor-element-f787811 elementor-section-full_width elementor-section-height-min-height elementor-section-items-stretch elementor-section-height-default\" data-id=\"f787811\" data-element_type=\"section\" data-e-type=\"section\" data-settings=\"{&quot;background_background&quot;:&quot;classic&quot;}\">\n\t\t\t\t\t\t\t<div class=\"elementor-background-overlay\"><\/div>\n\t\t\t\t\t\t\t<div class=\"elementor-container elementor-column-gap-default\">\n\t\t\t\t\t<div class=\"elementor-column elementor-col-100 elementor-top-column elementor-element elementor-element-57f143b\" data-id=\"57f143b\" data-element_type=\"column\" data-e-type=\"column\">\n\t\t\t<div class=\"elementor-widget-wrap elementor-element-populated\">\n\t\t\t\t\t\t<div class=\"elementor-element elementor-element-65adf8d elementor-widget elementor-widget-heading\" data-id=\"65adf8d\" data-element_type=\"widget\" data-e-type=\"widget\" data-widget_type=\"heading.default\">\n\t\t\t\t<div class=\"elementor-widget-container\">\n\t\t\t\t\t<h4 class=\"elementor-heading-title elementor-size-default\">Jobs bei Forest Adventures<\/h4>\t\t\t\t<\/div>\n\t\t\t\t<\/div>\n\t\t\t\t<div class=\"elementor-element elementor-element-4fcad8d elementor-widget elementor-widget-text-editor\" data-id=\"4fcad8d\" data-element_type=\"widget\" data-e-type=\"widget\" data-widget_type=\"text-editor.default\">\n\t\t\t\t<div class=\"elementor-widget-container\">\n\t\t\t\t\t\t\t\t\t<p>Zum Betrieb des Baumwipfelweg suchen wir kontinuierlich Verst\u00e4rkung f\u00fcr unser Team. Dabei suchen wir sowohl saisonale Teilzeitkr\u00e4fte, Honorarkr\u00e4fte, Sch\u00fcler und Studenten aber auch dauerhaft angestellte Mitarbeiter. F\u00fcr welche Form der Mitarbeit interessierst du dich?<\/p>\t\t\t\t\t\t\t\t<\/div>\n\t\t\t\t<\/div>\n\t\t\t\t<div class=\"elementor-element elementor-element-f4dbf43 elementor-widget elementor-widget-toggle\" data-id=\"f4dbf43\" data-element_type=\"widget\" data-e-type=\"widget\" data-widget_type=\"toggle.default\">\n\t\t\t\t<div class=\"elementor-widget-container\">\n\t\t\t\t\t\t\t<div class=\"elementor-toggle\">\n\t\t\t\t\t\t\t<div class=\"elementor-toggle-item\">\n\t\t\t\t\t<div id=\"elementor-tab-title-2561\" class=\"elementor-tab-title\" data-tab=\"1\" role=\"button\" aria-controls=\"elementor-tab-content-2561\" aria-expanded=\"false\">\n\t\t\t\t\t\t\t\t\t\t\t\t<span class=\"elementor-toggle-icon elementor-toggle-icon-right\" aria-hidden=\"true\">\n\t\t\t\t\t\t\t\t\t\t\t\t\t\t\t<span class=\"elementor-toggle-icon-closed\"><i class=\"fas fa-plus\"><\/i><\/span>\n\t\t\t\t\t\t\t\t<span class=\"elementor-toggle-icon-opened\"><i class=\"elementor-toggle-icon-opened fas fa-minus\"><\/i><\/span>\n\t\t\t\t\t\t\t\t\t\t\t\t\t<\/span>\n\t\t\t\t\t\t\t\t\t\t\t\t<a class=\"elementor-toggle-title\" tabindex=\"0\">Saisonale Teilzeitmitarbeit<\/a>\n\t\t\t\t\t<\/div>\n\n\t\t\t\t\t<div id=\"elementor-tab-content-2561\" class=\"elementor-tab-content elementor-clearfix\" data-tab=\"1\" role=\"region\" aria-labelledby=\"elementor-tab-title-2561\"><p><span style=\"text-decoration: underline;\">Im Baumwipfelweg umfassen Deine Aufgaben:<\/span><\/p><p>\u2022\u00a0Das Empfangen und Kassieren der Besucher<\/p><p>\u2022 Kassenabschluss und Kontrolle der Anlage auf Sauberkeit<\/p><p>Wir bieten einen kurzweiligen Arbeitsplatz in einem kleinen Team. Du hast viel Kontakt mit tollen Kunden und bist drau\u00dfen in der Natur.<\/p><p>Wir suchen engagierte Mitarbeiter, die eine sympathische Ausstrahlung haben und verantwortungsvoll und korrekt mit Bareinnahmen umgehen k\u00f6nnen. Wir suchen Unterst\u00fctzung sowohl unter der Woche als auch an den Wochenenden und besonders in den Ferien. Eine Einstellung als Student, geringf\u00fcgig Besch\u00e4ftigter (520\u20ac) sowie als Teilzeitkraft ist m\u00f6glich.\u00a0 Am besten schickst Du eine kurze Bewerbung mit Lebenslauf an\u00a0<a href=\"mailto:jobs@forest-adventures.com\" target=\"_blank\" rel=\"noopener\">jobs@forest-adventures.com<\/a>\u00a0<wbr \/>\u00a0<\/p><p>Wir freuen uns darauf, Dich dabei kennenzulernen!<\/p><\/div>\n\t\t\t\t<\/div>\n\t\t\t\t\t\t\t\t<\/div>\n\t\t\t\t\t\t<\/div>\n\t\t\t\t<\/div>\n\t\t\t\t<div class=\"elementor-element elementor-element-78ac2dd elementor-widget elementor-widget-toggle\" data-id=\"78ac2dd\" data-element_type=\"widget\" data-e-type=\"widget\" data-widget_type=\"toggle.default\">\n\t\t\t\t<div class=\"elementor-widget-container\">\n\t\t\t\t\t\t\t<div class=\"elementor-toggle\">\n\t\t\t\t\t\t\t<div class=\"elementor-toggle-item\">\n\t\t\t\t\t<div id=\"elementor-tab-title-1261\" class=\"elementor-tab-title\" data-tab=\"1\" role=\"button\" aria-controls=\"elementor-tab-content-1261\" aria-expanded=\"false\">\n\t\t\t\t\t\t\t\t\t\t\t\t<span class=\"elementor-toggle-icon elementor-toggle-icon-right\" aria-hidden=\"true\">\n\t\t\t\t\t\t\t\t\t\t\t\t\t\t\t<span class=\"elementor-toggle-icon-closed\"><i class=\"fas fa-plus\"><\/i><\/span>\n\t\t\t\t\t\t\t\t<span class=\"elementor-toggle-icon-opened\"><i class=\"elementor-toggle-icon-opened fas fa-minus\"><\/i><\/span>\n\t\t\t\t\t\t\t\t\t\t\t\t\t<\/span>\n\t\t\t\t\t\t\t\t\t\t\t\t<a class=\"elementor-toggle-title\" tabindex=\"0\">Ganzj\u00e4hrige Festanstellung<\/a>\n\t\t\t\t\t<\/div>\n\n\t\t\t\t\t<div id=\"elementor-tab-content-1261\" class=\"elementor-tab-content elementor-clearfix\" data-tab=\"1\" role=\"region\" aria-labelledby=\"elementor-tab-title-1261\"><p>Derzeit keine offenen Stellen.<\/p><\/div>\n\t\t\t\t<\/div>\n\t\t\t\t\t\t\t\t<\/div>\n\t\t\t\t\t\t<\/div>\n\t\t\t\t<\/div>\n\t\t\t\t\t<\/div>\n\t\t<\/div>\n\t\t\t\t\t<\/div>\n\t\t<\/section>\n\t\t\t\t<\/div>\n\t\t","protected":false},"excerpt":{"rendered":"<p>Jobs bei Forest Adventures Zum Betrieb des Baumwipfelweg suchen wir kontinuierlich Verst\u00e4rkung f\u00fcr unser Team. Dabei suchen wir sowohl saisonale Teilzeitkr\u00e4fte, Honorarkr\u00e4fte, Sch\u00fcler und Studenten aber auch dauerhaft angestellte Mitarbeiter. F\u00fcr welche Form der Mitarbeit interessierst du dich? Saisonale Teilzeitmitarbeit Im Baumwipfelweg umfassen Deine Aufgaben: \u2022\u00a0Das Empfangen und Kassieren der Besucher \u2022 Kassenabschluss und Kontrolle &hellip; <\/p>\n<p class=\"link-more\"><a href=\"https:\/\/dev.baumwipfelweg-bad-camberg.de\/index.php\/jobs\/\" class=\"more-link\"><span class=\"screen-reader-text\">\u201eJobs\u201c <\/span>weiterlesen<\/a><\/p>\n","protected":false},"author":2,"featured_media":0,"parent":0,"menu_order":0,"comment_status":"closed","ping_status":"closed","template":"elementor_header_footer","meta":{"_eb_attr":"","footnotes":""},"class_list":["post-190","page","type-page","status-publish","hentry","entry"],"_links":{"self":[{"href":"https:\/\/dev.baumwipfelweg-bad-camberg.de\/index.php\/wp-json\/wp\/v2\/pages\/190","targetHints":{"allow":["GET"]}}],"collection":[{"href":"https:\/\/dev.baumwipfelweg-bad-camberg.de\/index.php\/wp-json\/wp\/v2\/pages"}],"about":[{"href":"https:\/\/dev.baumwipfelweg-bad-camberg.de\/index.php\/wp-json\/wp\/v2\/types\/page"}],"author":[{"embeddable":true,"href":"https:\/\/dev.baumwipfelweg-bad-camberg.de\/index.php\/wp-json\/wp\/v2\/users\/2"}],"replies":[{"embeddable":true,"href":"https:\/\/dev.baumwipfelweg-bad-camberg.de\/index.php\/wp-json\/wp\/v2\/comments?post=190"}],"version-history":[{"count":43,"href":"https:\/\/dev.baumwipfelweg-bad-camberg.de\/index.php\/wp-json\/wp\/v2\/pages\/190\/revisions"}],"predecessor-version":[{"id":1322,"href":"https:\/\/dev.baumwipfelweg-bad-camberg.de\/index.php\/wp-json\/wp\/v2\/pages\/190\/revisions\/1322"}],"wp:attachment":[{"href":"https:\/\/dev.baumwipfelweg-bad-camberg.de\/index.php\/wp-json\/wp\/v2\/media?parent=190"}],"curies":[{"name":"wp","href":"https:\/\/api.w.org\/{rel}","templated":true}]}}